{"id":259,"date":"2022-04-12T13:26:55","date_gmt":"2022-04-12T10:26:55","guid":{"rendered":"https:\/\/fortemedcare.com\/fr\/?page_id=259"},"modified":"2023-08-17T10:46:45","modified_gmt":"2023-08-17T07:46:45","slug":"a-propos-de-nous","status":"publish","type":"page","link":"https:\/\/fortemedcare.com\/fr\/a-propos-de-nous\/","title":{"rendered":"\u00c0 PROPOS DE NOUS"},"content":{"rendered":"<div class=\"row\">\n<div class=\"col-xl-4 col-lg-4\" style=\"font-size: 30px; color: #555;\"><strong>ACC\u00c9DEZ \u00c0 UN TRAITEMENT APPROPRI\u00c9<\/strong><br \/>\nAVEC FORTE MEDCARE<\/div>\n<div class=\"col-xl-8 col-lg-8\">\n<div class=\"about-box d-flex\">\n<div class=\"row\">\n<div class=\"col-md-1\"><\/div>\n<div class=\"col-md-11 d-flex flex-column\">\n<p>Forte Turizm, a commenc\u00e9 \u00e0 op\u00e9rer en tant qu&#8217;agence de voyage du groupe A en 2001. Aujourd\u2019hui avec ses partenaires strat\u00e9giques dans 30 pays du monde entier, des bureaux dans 4 pays, fournit des services de r\u00e9unions et d&#8217;\u00e9v\u00e9nements, est devenue un leader du secteur.<\/p>\n<p>Forte Tourisme qui a pour priorit\u00e9 la satisfaction des clients avec son \u00e9quipe professionnelle qui travaillent avec cette philosophie et qui a prouv\u00e9 son succ\u00e8s avec plus de 20 ans d\u2019exp\u00e9rience.<\/p>\n<p>L&#8217;exp\u00e9rience de Forte Turizm, qui sert principalement des entreprises pharmaceutiques et des professionnels de la sant\u00e9 depuis de nombreuses ann\u00e9es, dans le secteur de la sant\u00e9 a inspir\u00e9 la cr\u00e9ation de la marque Forte Medcare, qui propose des services de tourisme de sant\u00e9.<\/p>\n<p>Lorsque les patients viennent du monde entier pour leur traitement m\u00e9dical, chez Forte Medcare, notre objectif est de leur fournir le meilleur traitement possible, adapt\u00e9 \u00e0 leurs besoins sp\u00e9cifiques, et de veiller \u00e0 ce qu&#8217;ils soient trait\u00e9s de mani\u00e8re \u00e0 la fois confortable et fiable tout au long de leur parcours m\u00e9dical. \u00c0 cet \u00e9gard, les h\u00f4pitaux avec lesquels nous collaborons disposent d&#8217;installations de la plus haute qualit\u00e9, d&#8217;\u00e9quipements de pointe, de professionnels de la sant\u00e9 de renomm\u00e9e mondiale et de r\u00e9f\u00e9rences internationalement reconnues. <\/p>\n<p>Votre sant\u00e9 et votre satisfaction sont importantes pour nous ! Nous vous accompagnerons \u00e0 chaque \u00e9tape, de l&#8217;\u00e9laboration du plan de traitement le plus appropri\u00e9 au prix le plus abordable \u00e0 l&#8217;organisation de toute la logistique dont vous pourriez avoir besoin, comme les billets d&#8217;avion, l&#8217;h\u00e9bergement, les proc\u00e9dures de visa, les transferts et tous les services de traduction ou d&#8217;assistance que vous pourriez demander pendant votre s\u00e9jour ici. <\/p>\n<p>Nous sommes impatients de vous rencontrer. <a href=\"https:\/\/fortemedcare.com\/fr\/demande-de-consultation-gratuite\/\" target=\"_blank\" rel=\"noopener\">CONTACTEZ-NOUS<\/a> pour commencer votre voyage m\u00e9dical ! <\/p>\n<\/div>\n<\/div>\n<\/div>\n<\/div>\n<\/div>\n","protected":false},"excerpt":{"rendered":"<p>ACC\u00c9DEZ \u00c0 UN TRAITEMENT APPROPRI\u00c9 AVEC FORTE MEDCARE Forte Turizm, a commenc\u00e9 \u00e0 op\u00e9rer en tant qu&#8217;agence de voyage du groupe A en 2001. Aujourd\u2019hui avec ses partenaires strat\u00e9giques dans 30 pays du monde entier, des bureaux dans 4 pays, fournit des services de r\u00e9unions et d&#8217;\u00e9v\u00e9nements, est devenue un leader du secteur. Forte Tourisme [&hellip;]<\/p>\n","protected":false},"author":1,"featured_media":0,"parent":0,"menu_order":0,"comment_status":"closed","ping_status":"closed","template":"","meta":{"om_disable_all_campaigns":false,"footnotes":""},"class_list":["post-259","page","type-page","status-publish","hentry"],"aioseo_notices":[],"_links":{"self":[{"href":"https:\/\/fortemedcare.com\/fr\/wp-json\/wp\/v2\/pages\/259","targetHints":{"allow":["GET"]}}],"collection":[{"href":"https:\/\/fortemedcare.com\/fr\/wp-json\/wp\/v2\/pages"}],"about":[{"href":"https:\/\/fortemedcare.com\/fr\/wp-json\/wp\/v2\/types\/page"}],"author":[{"embeddable":true,"href":"https:\/\/fortemedcare.com\/fr\/wp-json\/wp\/v2\/users\/1"}],"replies":[{"embeddable":true,"href":"https:\/\/fortemedcare.com\/fr\/wp-json\/wp\/v2\/comments?post=259"}],"version-history":[{"count":40,"href":"https:\/\/fortemedcare.com\/fr\/wp-json\/wp\/v2\/pages\/259\/revisions"}],"predecessor-version":[{"id":1131,"href":"https:\/\/fortemedcare.com\/fr\/wp-json\/wp\/v2\/pages\/259\/revisions\/1131"}],"wp:attachment":[{"href":"https:\/\/fortemedcare.com\/fr\/wp-json\/wp\/v2\/media?parent=259"}],"curies":[{"name":"wp","href":"https:\/\/api.w.org\/{rel}","templated":true}]}}