{"id":261,"date":"2022-04-12T13:41:11","date_gmt":"2022-04-12T10:41:11","guid":{"rendered":"https:\/\/fortemedcare.com\/fr\/?page_id=261"},"modified":"2022-11-04T11:49:48","modified_gmt":"2022-11-04T08:49:48","slug":"comment-operons-nous","status":"publish","type":"page","link":"https:\/\/fortemedcare.com\/fr\/comment-operons-nous\/","title":{"rendered":"Comment op\u00e9rons-nous ?"},"content":{"rendered":"<div class=\"col-xl-4 col-lg-4\" style=\"font-size: 30px; color: #555;\"><strong>OBTENEZ UN SERVICE RAPIDE<\/strong><br \/>\nAVEC FORTE MEDCARE<\/div>\n<div class=\"col-xl-8 col-lg-8\">\n<div class=\"about-box d-flex\">\n<div class=\"row\">\n<div class=\"col-md-1\"><img loading=\"lazy\" decoding=\"async\" class=\"alignnone size-full wp-image-719\" src=\"https:\/\/fortemedcare.com\/fr\/wp-content\/uploads\/2022\/05\/Group-26.png\" alt=\"\" width=\"85\" height=\"85\" \/><\/div>\n<div class=\"col-md-11 d-flex flex-column\">\n<p style=\"color: #12b7c1; font-weight: bold; font-size: 22px; margin: 0;\">Vous \u00eates sur le point de vous lancer dans une aventure !<\/p>\n<p style=\"margin: 5px;\">Il ne tient qu&#8217;\u00e0 vous d&#8217;en faire une exp\u00e9rience inoubliable ! Pour \u00e9tablir un premier contact avec notre \u00e9quipe de professionnels, veuillez remplir le formulaire de contact de notre site web, nous envoyer un message sur notre ligne Whatsapp 0090 850 242 45 49, ou nous appeler au 0090 530 905 37 35. Nous nous ferons un plaisir de r\u00e9pondre \u00e0 toutes vos questions concernant votre traitement et votre m\u00e9decin.<\/p>\n<\/div>\n<\/div>\n<\/div>\n<div class=\"about-box d-flex\" style=\"margin-top: 10px;\">\n<div class=\"row\">\n<div class=\"col-md-1\"><img loading=\"lazy\" decoding=\"async\" class=\"alignnone size-full wp-image-736\" src=\"https:\/\/fortemedcare.com\/fr\/wp-content\/uploads\/2022\/05\/Group.png\" alt=\"\" width=\"85\" height=\"85\" \/><\/div>\n<div class=\"col-md-11 d-flex flex-column\">\n<p style=\"color: #12b7c1; font-weight: bold; font-size: 22px; margin: 0;\">Nous localisons le traitement le plus appropri\u00e9 pour vous.<\/p>\n<p style=\"margin: 5px;\">Nous solliciterons certaines de vos informations m\u00e9dicales avec votre consentement et les partagerons avec les institutions et les m\u00e9decins sous contrat afin d&#8217;examiner votre cas le plus pr\u00e9cis\u00e9ment possible et d&#8217;obtenir le r\u00e9sultat de votre \u00e9valuation par nos m\u00e9decins. En cas de besoin, nous organiserons une s\u00e9ance en ligne gratuite avec l&#8217;un de nos m\u00e9decins. Nous identifierons le meilleur h\u00f4pital pour vous et vous fournirons un plan de traitement.<\/p>\n<\/div>\n<\/div>\n<\/div>\n<div class=\"about-box d-flex\" style=\"margin-top: 10px;\">\n<div class=\"row\">\n<div class=\"col-md-1\"><img loading=\"lazy\" decoding=\"async\" class=\"alignnone size-full wp-image-737\" src=\"https:\/\/fortemedcare.com\/fr\/wp-content\/uploads\/2022\/05\/Group-24.png\" alt=\"\" width=\"85\" height=\"85\" \/><\/div>\n<div class=\"col-md-11 d-flex flex-column\">\n<p style=\"color: #12b7c1; font-weight: bold; font-size: 22px; margin: 0;\">Derni\u00e8re \u00e9tape avant le voyage !<\/p>\n<p style=\"margin: 5px;\">Voici la derni\u00e8re \u00e9tape avant le voyage ! Une fois le plan de traitement d\u00e9cid\u00e9, nous organisons votre voyage. Nous r\u00e9serverons vos billets d&#8217;avion, vos transferts et votre h\u00e9bergement en fonction des dates que vous aurez indiqu\u00e9es. Nous vous fournirons l&#8217;itin\u00e9raire de votre voyage avec les d\u00e9tails journaliers.<\/p>\n<\/div>\n<\/div>\n<\/div>\n<div class=\"about-box d-flex\" style=\"margin-top: 10px;\">\n<div class=\"row\">\n<div class=\"col-md-1\"><img loading=\"lazy\" decoding=\"async\" class=\"alignnone size-full wp-image-738\" src=\"https:\/\/fortemedcare.com\/fr\/wp-content\/uploads\/2022\/05\/Group-1.png\" alt=\"\" width=\"85\" height=\"85\" \/><\/div>\n<div class=\"col-md-11 d-flex flex-column\">\n<p style=\"color: #12b7c1; font-weight: bold; font-size: 22px; margin: 0;\">Vous \u00eates presque pr\u00eat \u00e0 rencontrer nos m\u00e9decins&#8230;<\/p>\n<p style=\"margin: 5px;\">L&#8217;excitation est dans l&#8217;air ! Vous n&#8217;\u00eates plus qu&#8217;\u00e0 quelques pas de rencontrer votre m\u00e9decin et de recevoir votre traitement. Vous serez accueilli \u00e0 l&#8217;a\u00e9roport et transf\u00e9r\u00e9 \u00e0 l&#8217;h\u00f4pital ou \u00e0 l&#8217;h\u00f4tel selon votre itin\u00e9raire de voyage. Vous pourrez rencontrer votre m\u00e9decin avant l&#8217;op\u00e9ration pour discuter de toutes vos questions et attentes. Vos tests et contr\u00f4les pr\u00e9op\u00e9ratoires seront effectu\u00e9s suite \u00e0 votre consultation avec le m\u00e9decin. Nous tenons \u00e0 vous informer que, conform\u00e9ment \u00e0 vos besoins, nous vous fournirons des services d&#8217;assistance et de traduction pendant votre s\u00e9jour \u00e0 l&#8217;h\u00f4pital.<\/p>\n<\/div>\n<\/div>\n<\/div>\n<div class=\"about-box d-flex\" style=\"margin-top: 10px;\">\n<div class=\"row\">\n<div class=\"col-md-1\"><img loading=\"lazy\" decoding=\"async\" class=\"alignnone size-full wp-image-739\" src=\"https:\/\/fortemedcare.com\/fr\/wp-content\/uploads\/2022\/05\/Group-2.png\" alt=\"\" width=\"85\" height=\"85\" \/><\/div>\n<div class=\"col-md-11 d-flex flex-column\">\n<p style=\"color: #12b7c1; font-weight: bold; font-size: 22px; margin: 0;\">Nous ajoutons du plaisir \u00e0 votre voyage<\/p>\n<p style=\"margin: 5px;\">Vous avez le droit d&#8217;ajouter du divertissement \u00e0 votre voyage et de profiter de la ville ! Notre service de guide touristique professionnel est pr\u00eat \u00e0 vous aider en ce moment m\u00eame !<\/p>\n<\/div>\n<\/div>\n<\/div>\n<div class=\"about-box d-flex\" style=\"margin-top: 10px;\">\n<div class=\"row\">\n<div class=\"col-md-1\"><img loading=\"lazy\" decoding=\"async\" class=\"alignnone size-full wp-image-740\" src=\"https:\/\/fortemedcare.com\/fr\/wp-content\/uploads\/2022\/05\/Group-21.png\" alt=\"\" width=\"85\" height=\"85\" \/><\/div>\n<div class=\"col-md-11 d-flex flex-column\">\n<p style=\"color: #12b7c1; font-weight: bold; font-size: 22px; margin: 0;\">Nous serons l\u00e0 pour vous lorsque vous rentrerez chez vous.<\/p>\n<p style=\"margin: 5px;\">Nous ferons un suivi avec vous une fois que vous serez rentr\u00e9 chez vous pour nous assurer que tout se passe bien pour vous. Nous organiserons une r\u00e9union en ligne avec votre m\u00e9decin chaque fois que vous en aurez besoin. Vous pouvez compter sur notre soutien si vous devez vous rendre en Turquie pour un contr\u00f4le.<\/p>\n<\/div>\n<\/div>\n<\/div>\n<\/div>\n","protected":false},"excerpt":{"rendered":"<p>OBTENEZ UN SERVICE RAPIDE AVEC FORTE MEDCARE Vous \u00eates sur le point de vous lancer dans une aventure ! Il ne tient qu&#8217;\u00e0 vous d&#8217;en faire une exp\u00e9rience inoubliable ! Pour \u00e9tablir un premier contact avec notre \u00e9quipe de professionnels, veuillez remplir le formulaire de contact de notre site web, nous envoyer un message sur [&hellip;]<\/p>\n","protected":false},"author":1,"featured_media":0,"parent":0,"menu_order":0,"comment_status":"closed","ping_status":"closed","template":"page--about.php","meta":{"om_disable_all_campaigns":false,"footnotes":""},"class_list":["post-261","page","type-page","status-publish","hentry"],"aioseo_notices":[],"_links":{"self":[{"href":"https:\/\/fortemedcare.com\/fr\/wp-json\/wp\/v2\/pages\/261","targetHints":{"allow":["GET"]}}],"collection":[{"href":"https:\/\/fortemedcare.com\/fr\/wp-json\/wp\/v2\/pages"}],"about":[{"href":"https:\/\/fortemedcare.com\/fr\/wp-json\/wp\/v2\/types\/page"}],"author":[{"embeddable":true,"href":"https:\/\/fortemedcare.com\/fr\/wp-json\/wp\/v2\/users\/1"}],"replies":[{"embeddable":true,"href":"https:\/\/fortemedcare.com\/fr\/wp-json\/wp\/v2\/comments?post=261"}],"version-history":[{"count":71,"href":"https:\/\/fortemedcare.com\/fr\/wp-json\/wp\/v2\/pages\/261\/revisions"}],"predecessor-version":[{"id":1089,"href":"https:\/\/fortemedcare.com\/fr\/wp-json\/wp\/v2\/pages\/261\/revisions\/1089"}],"wp:attachment":[{"href":"https:\/\/fortemedcare.com\/fr\/wp-json\/wp\/v2\/media?parent=261"}],"curies":[{"name":"wp","href":"https:\/\/api.w.org\/{rel}","templated":true}]}}