{"id":264,"date":"2022-04-12T13:44:04","date_gmt":"2022-04-12T10:44:04","guid":{"rendered":"https:\/\/fortemedcare.com\/fr\/?page_id=264"},"modified":"2022-06-27T16:27:57","modified_gmt":"2022-06-27T13:27:57","slug":"services-touristiques","status":"publish","type":"page","link":"https:\/\/fortemedcare.com\/fr\/services-touristiques\/","title":{"rendered":"SERVICES TOURISTIQUES"},"content":{"rendered":"<h2>Le bon choix, un voyage m\u00e9dical en toute s\u00e9curit\u00e9 !<\/h2>\n<p>Comme indiqu\u00e9 dans la section <a href=\"https:\/\/fortemedcare.com\/fr\/a-propos-de-nous\/\">&#8220;\u00c0 propos de nous&#8221;<\/a>, Forte Medcare, dont la mission est de fournir \u00e0 un patient de n&#8217;importe o\u00f9 dans le monde un service confortable et fiable du d\u00e9but \u00e0 la fin du processus, serait heureux de vous offrir tous les services \u00e9num\u00e9r\u00e9s ci-dessous.<\/p>\n<p>&nbsp;<\/p>\n<div class=\"service-box\">\n<div class=\"row\">\n<div class=\"col-md-1\"><img decoding=\"async\" class=\"alignnone size-full wp-image-747\" src=\"https:\/\/fortemedcare.com\/fr\/wp-content\/uploads\/2022\/05\/Group-40-1.png\" alt=\"\" width=\"100%\" height=\"auto\" srcset=\"https:\/\/fortemedcare.com\/fr\/wp-content\/uploads\/2022\/05\/Group-40-1.png 164w, https:\/\/fortemedcare.com\/fr\/wp-content\/uploads\/2022\/05\/Group-40-1-150x150.png 150w, https:\/\/fortemedcare.com\/fr\/wp-content\/uploads\/2022\/05\/Group-40-1-75x75.png 75w\" sizes=\"(max-width: 164px) 100vw, 164px\" \/><\/div>\n<div class=\"col-md-11\" style=\"color: #555;\"><strong>Billet d&#8217;avion\u00a0<\/strong><br \/>\nNous organisons votre vol aller-retour et le soumettons \u00e0 votre approbation apr\u00e8s avoir consid\u00e9r\u00e9 de nombreux crit\u00e8res, tels que les services dont vous b\u00e9n\u00e9ficierez, les dates de consultation, les examens et la dur\u00e9e du traitement.<\/div>\n<\/div>\n<\/div>\n<div class=\"service-box\" style=\"margin-top: 10px;\">\n<div class=\"row\">\n<div class=\"col-md-1\"><img decoding=\"async\" class=\"alignnone size-full wp-image-755\" src=\"https:\/\/fortemedcare.com\/fr\/wp-content\/uploads\/2022\/05\/Group-41-1.png\" alt=\"\" width=\"100%\" height=\"auto\" srcset=\"https:\/\/fortemedcare.com\/fr\/wp-content\/uploads\/2022\/05\/Group-41-1.png 164w, https:\/\/fortemedcare.com\/fr\/wp-content\/uploads\/2022\/05\/Group-41-1-150x150.png 150w, https:\/\/fortemedcare.com\/fr\/wp-content\/uploads\/2022\/05\/Group-41-1-75x75.png 75w\" sizes=\"(max-width: 164px) 100vw, 164px\" \/><\/div>\n<div class=\"col-md-11\" style=\"color: #555;\"><strong>R\u00e9servation d&#8217;h\u00f4tel<\/strong><br \/>\nEn fonction de vos demandes et de vos attentes, nous vous proposons une s\u00e9lection d&#8217;h\u00f4tels 4 ou 5 \u00e9toiles \u00e0 proximit\u00e9 de l&#8217;h\u00f4pital o\u00f9 vous serez trait\u00e9, ou dans toute autre destination de votre choix.<\/div>\n<\/div>\n<\/div>\n<div class=\"service-box\" style=\"margin-top: 10px;\">\n<div class=\"row\">\n<div class=\"col-md-1\"><img decoding=\"async\" class=\"alignnone size-full wp-image-759\" src=\"https:\/\/fortemedcare.com\/fr\/wp-content\/uploads\/2022\/05\/Group-42.png\" alt=\"\" width=\"100%\" height=\"auto\" srcset=\"https:\/\/fortemedcare.com\/fr\/wp-content\/uploads\/2022\/05\/Group-42.png 164w, https:\/\/fortemedcare.com\/fr\/wp-content\/uploads\/2022\/05\/Group-42-150x150.png 150w, https:\/\/fortemedcare.com\/fr\/wp-content\/uploads\/2022\/05\/Group-42-75x75.png 75w\" sizes=\"(max-width: 164px) 100vw, 164px\" \/><\/div>\n<div class=\"col-md-11\" style=\"color: #555;\"><strong>Service de transfert VIP<\/strong><br \/>\nNous programmons tous vos transferts selon vos besoins tout au long de votre traitement, et nous les effectuons en tout confort en b\u00e9n\u00e9ficiant de l&#8217;assurance de Forte Medcare.<\/div>\n<\/div>\n<\/div>\n<div class=\"service-box\" style=\"margin-top: 10px;\">\n<div class=\"row\">\n<div class=\"col-md-1\"><img decoding=\"async\" class=\"alignnone size-full wp-image-761\" src=\"https:\/\/fortemedcare.com\/fr\/wp-content\/uploads\/2022\/05\/Group-43.png\" alt=\"\" width=\"100%\" height=\"auto\" srcset=\"https:\/\/fortemedcare.com\/fr\/wp-content\/uploads\/2022\/05\/Group-43.png 164w, https:\/\/fortemedcare.com\/fr\/wp-content\/uploads\/2022\/05\/Group-43-150x150.png 150w, https:\/\/fortemedcare.com\/fr\/wp-content\/uploads\/2022\/05\/Group-43-75x75.png 75w\" sizes=\"(max-width: 164px) 100vw, 164px\" \/><\/div>\n<div class=\"col-md-11\" style=\"color: #555;\"><strong>Visa<\/strong><br \/>\nIl n&#8217;a jamais \u00e9t\u00e9 aussi facile de faire une demande de visa. Pour obtenir un visa, il vous suffit de demander notre assistance professionnelle.<\/div>\n<\/div>\n<\/div>\n<div class=\"service-box\" style=\"margin-top: 10px;\">\n<div class=\"row\">\n<div class=\"col-md-1\"><img decoding=\"async\" class=\"alignnone size-full wp-image-762\" src=\"https:\/\/fortemedcare.com\/fr\/wp-content\/uploads\/2022\/05\/Group-44.png\" alt=\"\" width=\"100%\" height=\"auto\" srcset=\"https:\/\/fortemedcare.com\/fr\/wp-content\/uploads\/2022\/05\/Group-44.png 164w, https:\/\/fortemedcare.com\/fr\/wp-content\/uploads\/2022\/05\/Group-44-150x150.png 150w, https:\/\/fortemedcare.com\/fr\/wp-content\/uploads\/2022\/05\/Group-44-75x75.png 75w\" sizes=\"(max-width: 164px) 100vw, 164px\" \/><\/div>\n<div class=\"col-md-11\" style=\"color: #555;\"><strong>Tour de ville<\/strong><br \/>\nNous vous proposons des visites guid\u00e9es de la ville accompagn\u00e9es par des guides qualifi\u00e9s. En utilisant nos tours de ville pour passer le temps entre les traitements et les contr\u00f4les, vous vivrez une exp\u00e9rience m\u00e9morable.<\/div>\n<\/div>\n<\/div>\n<div class=\"service-box\" style=\"margin-top: 10px;\">\n<div class=\"row\">\n<div class=\"col-md-1\"><img decoding=\"async\" class=\"alignnone size-full wp-image-763\" src=\"https:\/\/fortemedcare.com\/fr\/wp-content\/uploads\/2022\/05\/Group-45.png\" alt=\"\" width=\"100%\" height=\"auto\" srcset=\"https:\/\/fortemedcare.com\/fr\/wp-content\/uploads\/2022\/05\/Group-45.png 164w, https:\/\/fortemedcare.com\/fr\/wp-content\/uploads\/2022\/05\/Group-45-150x150.png 150w, https:\/\/fortemedcare.com\/fr\/wp-content\/uploads\/2022\/05\/Group-45-75x75.png 75w\" sizes=\"(max-width: 164px) 100vw, 164px\" \/><\/div>\n<div class=\"col-md-11\" style=\"color: #555;\"><strong>Services de traduction et d&#8217;assistance<\/strong><br \/>\nAu cours de votre traitement, les membres de notre \u00e9quipe fournissent les services d&#8217;assistance et de traduction n\u00e9cessaires pour vos consultations m\u00e9dicales, votre h\u00e9bergement et vos transferts.<\/div>\n<\/div>\n<\/div>\n<div class=\"service-box\" style=\"margin-top: 10px;\">\n<div class=\"row\">\n<div class=\"col-md-1\"><img decoding=\"async\" class=\"alignnone size-full wp-image-766\" src=\"https:\/\/fortemedcare.com\/fr\/wp-content\/uploads\/2022\/05\/tk2.png\" alt=\"\" width=\"100%\" height=\"auto\" srcset=\"https:\/\/fortemedcare.com\/fr\/wp-content\/uploads\/2022\/05\/tk2.png 164w, https:\/\/fortemedcare.com\/fr\/wp-content\/uploads\/2022\/05\/tk2-150x150.png 150w, https:\/\/fortemedcare.com\/fr\/wp-content\/uploads\/2022\/05\/tk2-75x75.png 75w\" sizes=\"(max-width: 164px) 100vw, 164px\" \/><\/div>\n<div class=\"col-md-11\" style=\"color: #555;\"><strong>Assurance voyage<\/strong><br \/>\nConform\u00e9ment \u00e0 votre plan de traitement, nous organisons une assurance voyage couvrant votre s\u00e9jour en Turquie. <\/div>\n<\/div>\n<\/div>\n<div><\/div>\n<p>&nbsp;<\/p>\n<div>Pour ces services et davantage, <a href=\"https:\/\/fortemedcare.com\/fr\/demande-de-consultation-gratuite\/\" target=\"_blank\" rel=\"noopener\">CONTACTEZ-NOUS !<\/a><\/div>\n","protected":false},"excerpt":{"rendered":"<p>Le bon choix, un voyage m\u00e9dical en toute s\u00e9curit\u00e9 ! Comme indiqu\u00e9 dans la section &#8220;\u00c0 propos de nous&#8221;, Forte Medcare, dont la mission est de fournir \u00e0 un patient de n&#8217;importe o\u00f9 dans le monde un service confortable et fiable du d\u00e9but \u00e0 la fin du processus, serait heureux de vous offrir tous les [&hellip;]<\/p>\n","protected":false},"author":1,"featured_media":0,"parent":0,"menu_order":0,"comment_status":"closed","ping_status":"closed","template":"","meta":{"om_disable_all_campaigns":false,"footnotes":""},"class_list":["post-264","page","type-page","status-publish","hentry"],"aioseo_notices":[],"_links":{"self":[{"href":"https:\/\/fortemedcare.com\/fr\/wp-json\/wp\/v2\/pages\/264","targetHints":{"allow":["GET"]}}],"collection":[{"href":"https:\/\/fortemedcare.com\/fr\/wp-json\/wp\/v2\/pages"}],"about":[{"href":"https:\/\/fortemedcare.com\/fr\/wp-json\/wp\/v2\/types\/page"}],"author":[{"embeddable":true,"href":"https:\/\/fortemedcare.com\/fr\/wp-json\/wp\/v2\/users\/1"}],"replies":[{"embeddable":true,"href":"https:\/\/fortemedcare.com\/fr\/wp-json\/wp\/v2\/comments?post=264"}],"version-history":[{"count":28,"href":"https:\/\/fortemedcare.com\/fr\/wp-json\/wp\/v2\/pages\/264\/revisions"}],"predecessor-version":[{"id":893,"href":"https:\/\/fortemedcare.com\/fr\/wp-json\/wp\/v2\/pages\/264\/revisions\/893"}],"wp:attachment":[{"href":"https:\/\/fortemedcare.com\/fr\/wp-json\/wp\/v2\/media?parent=264"}],"curies":[{"name":"wp","href":"https:\/\/api.w.org\/{rel}","templated":true}]}}