{"id":274,"date":"2022-04-12T13:52:40","date_gmt":"2022-04-12T10:52:40","guid":{"rendered":"https:\/\/fortemedcare.com\/fr\/?page_id=274"},"modified":"2024-09-18T15:39:28","modified_gmt":"2024-09-18T12:39:28","slug":"contact","status":"publish","type":"page","link":"https:\/\/fortemedcare.com\/fr\/contact\/","title":{"rendered":"CONTACT"},"content":{"rendered":"<div class=\"iltsm\">\n<div class=\"row\">\n<div class=\"col-md-8 iltsm-left-texts d-flex align-items-center\">\n<div class=\"row\">\n<div class=\"col-md-12 first-texts\" style=\"line-height: 20px;\">\n<p style=\"color: #1587b1; font-size: 22px;\"><strong>Si\u00e8ge Social<\/strong><\/p>\n<p style=\"color: #12b7c1; font-size: 20px;\">\u0130stanbul<\/p>\n<\/div>\n<div class=\"col-md-4\">\n<p style=\"color: #1587b1; font-size: 13px;\"><strong>Adresse:<\/strong><\/p>\n<p>Re\u015fitpa\u015fa, Posta Yolu Cd. No:5,<br \/>\n34467<br \/>\nSar\u0131yer \/ \u0130stanbul \/ T\u00fcrkiye<\/p>\n<\/div>\n<div class=\"col-md-4\">\n<p style=\"color: #1587b1; font-size: 13px;\"><strong>T\u00e9l\u00e9phone:<\/strong><\/p>\n<p><a style=\"color: #12b7c1;\" href=\"tel:\/\/+902122848333\">+90 212 284 8333<\/a><\/p>\n<\/div>\n<div class=\"col-md-4\">\n<p style=\"color: #1587b1; font-size: 13px;\"><strong>E-mail:<\/strong><\/p>\n<p><a style=\"color: #12b7c1;\" href=\"info@fortemedcare.com\">info@fortemedcare.com<\/a><\/p>\n<\/div>\n<\/div>\n<\/div>\n<div class=\"col-md-4 iltsm-right-img\"><img decoding=\"async\" class=\"alignnone size-medium wp-image-783\" src=\"https:\/\/fortemedcare.com\/fr\/wp-content\/uploads\/2022\/05\/Group-38.png\" alt=\"\" width=\"534\" height=\"auto\" srcset=\"https:\/\/fortemedcare.com\/fr\/wp-content\/uploads\/2022\/05\/Group-38.png 534w, https:\/\/fortemedcare.com\/fr\/wp-content\/uploads\/2022\/05\/Group-38-300x253.png 300w\" sizes=\"(max-width: 534px) 100vw, 534px\" \/><\/div>\n<div class=\"col-md-4 iltsm-2-img\"><img decoding=\"async\" class=\"alignnone size-medium wp-image-808\" src=\"https:\/\/fortemedcare.com\/fr\/wp-content\/uploads\/2022\/05\/Frame.png\" alt=\"\" width=\"100%\" height=\"100%\" srcset=\"https:\/\/fortemedcare.com\/fr\/wp-content\/uploads\/2022\/05\/Frame.png 754w, https:\/\/fortemedcare.com\/fr\/wp-content\/uploads\/2022\/05\/Frame-300x300.png 300w, https:\/\/fortemedcare.com\/fr\/wp-content\/uploads\/2022\/05\/Frame-150x150.png 150w, https:\/\/fortemedcare.com\/fr\/wp-content\/uploads\/2022\/05\/Frame-75x75.png 75w\" sizes=\"(max-width: 754px) 100vw, 754px\" \/><\/div>\n<div class=\"col-md-8 \">\n<div class=\"row\">\n<div class=\"col-md-12\">\n<p><img loading=\"lazy\" decoding=\"async\" class=\"alignnone size-full wp-image-811\" src=\"https:\/\/fortemedcare.com\/fr\/wp-content\/uploads\/2022\/05\/Group-4.png\" alt=\"\" width=\"65\" height=\"63\" \/><\/p>\n<p style=\"color: #12b7c1; font-size: 20px;\">Dubai &#8211; AKA Forte Middle<\/p>\n<\/div>\n<div class=\"col-md-6\">\n<p style=\"color: #1587b1; font-size: 13px;\"><strong>Adresse:<\/strong><\/p>\n<p>East &amp; Africa Meetings &amp; Events<br \/>\nDMCC<br \/>\nSilvertoweroffice C2, Level \u201313,<br \/>\nCluster i JLT<br \/>\nDubai \/ UAE<\/p>\n<\/div>\n<div class=\"col-md-6\">\n<p style=\"color: #1587b1; font-size: 13px;\"><strong>T\u00e9l\u00e9phone:<\/strong><\/p>\n<p><a style=\"color: #12b7c1;\" href=\"tel:\/\/+00971508004908\">00971 50 800 4908<\/a><\/p>\n<\/div>\n<\/div>\n<\/div>\n<\/div>\n<\/div>\n<\/div>\n","protected":false},"excerpt":{"rendered":"<p>Si\u00e8ge Social \u0130stanbul Adresse: Re\u015fitpa\u015fa, Posta Yolu Cd. No:5, 34467 Sar\u0131yer \/ \u0130stanbul \/ T\u00fcrkiye T\u00e9l\u00e9phone: +90 212 284 8333 E-mail: info@fortemedcare.com Dubai &#8211; AKA Forte Middle Adresse: East &amp; Africa Meetings &amp; Events DMCC Silvertoweroffice C2, Level \u201313, Cluster i JLT Dubai \/ UAE T\u00e9l\u00e9phone: 00971 50 800 4908<\/p>\n","protected":false},"author":1,"featured_media":0,"parent":0,"menu_order":0,"comment_status":"closed","ping_status":"closed","template":"","meta":{"om_disable_all_campaigns":false,"footnotes":""},"class_list":["post-274","page","type-page","status-publish","hentry"],"aioseo_notices":[],"_links":{"self":[{"href":"https:\/\/fortemedcare.com\/fr\/wp-json\/wp\/v2\/pages\/274","targetHints":{"allow":["GET"]}}],"collection":[{"href":"https:\/\/fortemedcare.com\/fr\/wp-json\/wp\/v2\/pages"}],"about":[{"href":"https:\/\/fortemedcare.com\/fr\/wp-json\/wp\/v2\/types\/page"}],"author":[{"embeddable":true,"href":"https:\/\/fortemedcare.com\/fr\/wp-json\/wp\/v2\/users\/1"}],"replies":[{"embeddable":true,"href":"https:\/\/fortemedcare.com\/fr\/wp-json\/wp\/v2\/comments?post=274"}],"version-history":[{"count":151,"href":"https:\/\/fortemedcare.com\/fr\/wp-json\/wp\/v2\/pages\/274\/revisions"}],"predecessor-version":[{"id":1133,"href":"https:\/\/fortemedcare.com\/fr\/wp-json\/wp\/v2\/pages\/274\/revisions\/1133"}],"wp:attachment":[{"href":"https:\/\/fortemedcare.com\/fr\/wp-json\/wp\/v2\/media?parent=274"}],"curies":[{"name":"wp","href":"https:\/\/api.w.org\/{rel}","templated":true}]}}